{"id":47,"date":"2025-05-06T13:36:44","date_gmt":"2025-05-06T11:36:44","guid":{"rendered":"https:\/\/asv-keckforst.de\/?page_id=47"},"modified":"2025-08-16T17:35:55","modified_gmt":"2025-08-16T15:35:55","slug":"kelling","status":"publish","type":"page","link":"https:\/\/asv-keckforst.de\/?page_id=47","title":{"rendered":"Kelling"},"content":{"rendered":"\n<p>Die Kelling befindet sich ebenso wie der See am Kloster Graefenthal am s\u00fcd\u00f6stlichen Ausl\u00e4ufer des Reichswaldes im ehemaligen Gebiet der Abgrabungsfl\u00e4che Graefenthal. Nach Abschluss der Abbauarbeiten, wurde der nordliche Teil dieses Bereiches zur Ausdehnung der Landfl\u00e4che mit terti\u00e4rem Feinsand aufgef\u00fcllt. Rund um den See erstreckt sich ein Wanderweg mit mehreren kleinen Pfaden, die zu verschiedenen Angelpl\u00e4tzen f\u00fchren. Da der See bis auf wenige Ausnahmestellen jedoch rundum mit B\u00e4umen und Str\u00e4uchern bewachsen ist, bietet sich die Nutzung einer Wathose an.<\/p>\n\n\n\n<p>Die Kelling hat eine Fl\u00e4che von ca. 5,5 Hektar, ist 500m lang und 190m breit (breiteste Stelle). Das Befahren des Sees bleibt Mitgliedern der pachtenden Angelvereine vorbehalten und ist ausschlie\u00dflich nach vorheriger Beantragung und offizieller Genehmigung gestattet. Weitere Infors zur Bootsnutzung findest du <a href=\"https:\/\/asv-keckforst.de\/?page_id=388\" data-type=\"link\" data-id=\"https:\/\/asv-keckforst.de\/?page_id=388\">hier<\/a>.<\/p>\n\n\n\n<p>Eine Nutzung durch private Boote, Ruderboote, Stand-up Kajaks oder sonstigen Wasserfahrzeugen ist nicht gestattet. Grillen im Uferbereich oder das Baden im See ist ebenfalls nicht gestattet.<\/p>\n\n\n\n<p>Informationen zum Beitritt im ASV-Keckforst findesr du <a href=\"https:\/\/asv-keckforst.de\/?page_id=33\">hier<\/a>. Bei Interesse an einer Mitgliedschaft schreib uns gerne eine <a href=\"https:\/\/asv-keckforst.de\/?page_id=22\">Nachricht<\/a>.<\/p>\n\n\n\n<p>Die Gew\u00e4sserordnung f\u00fcr den Niersbruch\/Kelling findest du hier: <a href=\"https:\/\/asv-keckforst.de\/?page_id=315\" data-type=\"link\" data-id=\"https:\/\/asv-keckforst.de\/?page_id=315\">Gew\u00e4sserordnung Kelling<\/a><\/p>\n\n\n\nngg_shortcode_0_placeholder\n","protected":false},"excerpt":{"rendered":"<p>Die Kelling befindet sich ebenso wie der See am Kloster Graefenthal am s\u00fcd\u00f6stlichen Ausl\u00e4ufer des Reichswaldes im ehemaligen Gebiet der Abgrabungsfl\u00e4che Graefenthal. Nach Abschluss der Abbauarbeiten, wurde der nordliche Teil dieses Bereiches zur Ausdehnung der Landfl\u00e4che mit terti\u00e4rem Feinsand aufgef\u00fcllt. Rund um den See erstreckt sich ein Wanderweg mit mehreren kleinen Pfaden, die zu verschiedenen Angelpl\u00e4tzen f\u00fchren. Da der See bis auf wenige Ausnahmestellen jedoch rundum mit B\u00e4umen und Str\u00e4uchern bewachsen ist, bietet sich die Nutzung einer Wathose an. Die Kelling hat eine Fl\u00e4che von ca. 5,5 Hektar, ist 500m lang und 190m breit (breiteste Stelle). Das Befahren des Sees bleibt Mitgliedern der pachtenden Angelvereine vorbehalten und ist ausschlie\u00dflich nach vorheriger Beantragung und offizieller Genehmigung gestattet. Weitere Infors zur Bootsnutzung findest du hier. Eine Nutzung durch private Boote, Ruderboote, Stand-up Kajaks oder sonstigen Wasserfahrzeugen ist nicht gestattet. Grillen im Uferbereich oder das Baden im See ist ebenfalls nicht gestattet. Informationen zum Beitritt im ASV-Keckforst findesr du hier. Bei Interesse an einer Mitgliedschaft schreib uns gerne eine Nachricht. Die Gew\u00e4sserordnung f\u00fcr den Niersbruch\/Kelling findest du hier: Gew\u00e4sserordnung Kelling<\/p>\n","protected":false},"author":1,"featured_media":0,"parent":0,"menu_order":0,"comment_status":"closed","ping_status":"closed","template":"","meta":{"ngg_post_thumbnail":0,"footnotes":""},"class_list":["post-47","page","type-page","status-publish","hentry"],"acf":[],"_links":{"self":[{"href":"https:\/\/asv-keckforst.de\/index.php?rest_route=\/wp\/v2\/pages\/47","targetHints":{"allow":["GET"]}}],"collection":[{"href":"https:\/\/asv-keckforst.de\/index.php?rest_route=\/wp\/v2\/pages"}],"about":[{"href":"https:\/\/asv-keckforst.de\/index.php?rest_route=\/wp\/v2\/types\/page"}],"author":[{"embeddable":true,"href":"https:\/\/asv-keckforst.de\/index.php?rest_route=\/wp\/v2\/users\/1"}],"replies":[{"embeddable":true,"href":"https:\/\/asv-keckforst.de\/index.php?rest_route=%2Fwp%2Fv2%2Fcomments&post=47"}],"version-history":[{"count":14,"href":"https:\/\/asv-keckforst.de\/index.php?rest_route=\/wp\/v2\/pages\/47\/revisions"}],"predecessor-version":[{"id":451,"href":"https:\/\/asv-keckforst.de\/index.php?rest_route=\/wp\/v2\/pages\/47\/revisions\/451"}],"wp:attachment":[{"href":"https:\/\/asv-keckforst.de\/index.php?rest_route=%2Fwp%2Fv2%2Fmedia&parent=47"}],"curies":[{"name":"wp","href":"https:\/\/api.w.org\/{rel}","templated":true}]}}