{"id":45,"date":"2025-05-06T13:36:28","date_gmt":"2025-05-06T11:36:28","guid":{"rendered":"https:\/\/asv-keckforst.de\/?page_id=45"},"modified":"2025-08-16T17:35:21","modified_gmt":"2025-08-16T15:35:21","slug":"graefenthal","status":"publish","type":"page","link":"https:\/\/asv-keckforst.de\/?page_id=45","title":{"rendered":"Graefenthal"},"content":{"rendered":"\n<p>Am s\u00fcd\u00f6stlichen Ausl\u00e4ufer des Reichswaldes befindet sich die ehemalige Abgrabungsfl\u00e4che Graefenthal. Hier wurde im letzten Jahrhundert in einem Bereich von ca. 40 Hektar Kies abgebaut. Nachdem Abschluss der Abbauarbeiten, wurde das Gebiet aufw\u00e4ndig renaturiert. Dabei entstanden mehrere Seen zu denen ebenfalls der See am Kloster Graefenthal zwischen Asperden und Kessel geh\u00f6rt.<\/p>\n\n\n\n<p>Der See hat eine Fl\u00e4che von ca. 17 Hektar, ist 1200m lang und 200m breit (breiteste Stelle). Am s\u00fcd\u00f6stlichen Ufer befindet sich eine Einstiegsstelle f\u00fcr Angelboote. Das Befahren des Sees bleibt Mitgliedern der pachtenden Angelvereine vorbehalten und ist ausschlie\u00dflich nach vorheriger Beantragung und offizieller Genehmigung gestattet. Weitere Infors zur Bootsnutzung findest du <a href=\"https:\/\/asv-keckforst.de\/?page_id=388\" data-type=\"link\" data-id=\"https:\/\/asv-keckforst.de\/?page_id=388\">hier<\/a>.<\/p>\n\n\n\n<p>Eine Nutzung durch private Boote, Ruderboote, Stand-up Kajaks oder sonstigen Wasserfahrzeugen ist nicht gestattet. Grillen im Uferbereich oder das Baden im See ist ebenfalls nicht gestattet.<\/p>\n\n\n\n<p>Informationen zum Beitritt im ASV-Keckforst findst du <a href=\"https:\/\/asv-keckforst.de\/?page_id=33\">hier<\/a>. Bei Interesse an einer Mitgliedschaft schreib uns gerne eine <a href=\"https:\/\/asv-keckforst.de\/?page_id=22\">Nachricht<\/a>.<\/p>\n\n\n\n<p>Die Gew\u00e4sserordnung f\u00fcr den See Graefenthal findest du hier: <a href=\"https:\/\/asv-keckforst.de\/?page_id=315\" data-type=\"link\" data-id=\"https:\/\/asv-keckforst.de\/?page_id=315\">Gew\u00e4sserordnung Graefenthal<\/a><\/p>\n\n\n\n<p><\/p>\n\n\n\nngg_shortcode_0_placeholder\n\n\n\n<p><\/p>\n","protected":false},"excerpt":{"rendered":"<p>Am s\u00fcd\u00f6stlichen Ausl\u00e4ufer des Reichswaldes befindet sich die ehemalige Abgrabungsfl\u00e4che Graefenthal. Hier wurde im letzten Jahrhundert in einem Bereich von ca. 40 Hektar Kies abgebaut. Nachdem Abschluss der Abbauarbeiten, wurde das Gebiet aufw\u00e4ndig renaturiert. Dabei entstanden mehrere Seen zu denen ebenfalls der See am Kloster Graefenthal zwischen Asperden und Kessel geh\u00f6rt. Der See hat eine Fl\u00e4che von ca. 17 Hektar, ist 1200m lang und 200m breit (breiteste Stelle). Am s\u00fcd\u00f6stlichen Ufer befindet sich eine Einstiegsstelle f\u00fcr Angelboote. Das Befahren des Sees bleibt Mitgliedern der pachtenden Angelvereine vorbehalten und ist ausschlie\u00dflich nach vorheriger Beantragung und offizieller Genehmigung gestattet. Weitere Infors zur Bootsnutzung findest du hier. Eine Nutzung durch private Boote, Ruderboote, Stand-up Kajaks oder sonstigen Wasserfahrzeugen ist nicht gestattet. Grillen im Uferbereich oder das Baden im See ist ebenfalls nicht gestattet. Informationen zum Beitritt im ASV-Keckforst findst du hier. Bei Interesse an einer Mitgliedschaft schreib uns gerne eine Nachricht. Die Gew\u00e4sserordnung f\u00fcr den See Graefenthal findest du hier: Gew\u00e4sserordnung Graefenthal<\/p>\n","protected":false},"author":1,"featured_media":0,"parent":0,"menu_order":0,"comment_status":"closed","ping_status":"closed","template":"","meta":{"ngg_post_thumbnail":0,"footnotes":""},"class_list":["post-45","page","type-page","status-publish","hentry"],"acf":[],"_links":{"self":[{"href":"https:\/\/asv-keckforst.de\/index.php?rest_route=\/wp\/v2\/pages\/45","targetHints":{"allow":["GET"]}}],"collection":[{"href":"https:\/\/asv-keckforst.de\/index.php?rest_route=\/wp\/v2\/pages"}],"about":[{"href":"https:\/\/asv-keckforst.de\/index.php?rest_route=\/wp\/v2\/types\/page"}],"author":[{"embeddable":true,"href":"https:\/\/asv-keckforst.de\/index.php?rest_route=\/wp\/v2\/users\/1"}],"replies":[{"embeddable":true,"href":"https:\/\/asv-keckforst.de\/index.php?rest_route=%2Fwp%2Fv2%2Fcomments&post=45"}],"version-history":[{"count":17,"href":"https:\/\/asv-keckforst.de\/index.php?rest_route=\/wp\/v2\/pages\/45\/revisions"}],"predecessor-version":[{"id":450,"href":"https:\/\/asv-keckforst.de\/index.php?rest_route=\/wp\/v2\/pages\/45\/revisions\/450"}],"wp:attachment":[{"href":"https:\/\/asv-keckforst.de\/index.php?rest_route=%2Fwp%2Fv2%2Fmedia&parent=45"}],"curies":[{"name":"wp","href":"https:\/\/api.w.org\/{rel}","templated":true}]}}