{"id":43,"date":"2025-05-06T13:36:10","date_gmt":"2025-05-06T11:36:10","guid":{"rendered":"https:\/\/asv-keckforst.de\/?page_id=43"},"modified":"2025-08-16T17:34:44","modified_gmt":"2025-08-16T15:34:44","slug":"keckforst","status":"publish","type":"page","link":"https:\/\/asv-keckforst.de\/?page_id=43","title":{"rendered":"Keckforst"},"content":{"rendered":"\n<p>Die Keckforst befindet sich am Rande von Uedem. Mit einer Fl\u00e4che von ca. 2,6 Hektar, einer L\u00e4nge und Breite von 160m ist sie ein eher kleiner See, der jedoch einen unverf\u00e4lschten Charme verspr\u00fcht. Da das Gel\u00e4nde der \u00d6ffentlichkeit nicht zug\u00e4nglich ist und \u00fcber keine Wanderwege oder dergleichen verf\u00fcgt, l\u00e4sst sich das Angeln hier noch ganz ohne Druck wie in der guten alten Zeit genie\u00dfen.<\/p>\n\n\n\n<p>Die Keckforst l\u00e4dt aber nicht nur zum Angeln ein. Hier wird ebenfalls unser allj\u00e4hrliches Sommerfest veranstaltet. Eine Nutzung durch Boote ist auf der Keckforst ist nicht gestattet.<\/p>\n\n\n\n<p>Informationen zum Beitritt im ASV-Keckforst findest du <a href=\"https:\/\/asv-keckforst.de\/?page_id=33\">hier<\/a>. Bei Interesse an einer Mitgliedschaft schreib uns gerne eine <a href=\"https:\/\/asv-keckforst.de\/?page_id=22\">Nachricht<\/a>.<\/p>\n\n\n\n<p>Die Gew\u00e4sserordnung der Keckforst findest du hier: <a href=\"https:\/\/asv-keckforst.de\/?page_id=312\" data-type=\"link\" data-id=\"https:\/\/asv-keckforst.de\/?page_id=312\">Gew\u00e4sserordnung Keckforst<\/a><\/p>\n\n\n\nngg_shortcode_0_placeholder\n\n\n\n<p><\/p>\n\n\n\n<p><\/p>\n","protected":false},"excerpt":{"rendered":"<p>Die Keckforst befindet sich am Rande von Uedem. Mit einer Fl\u00e4che von ca. 2,6 Hektar, einer L\u00e4nge und Breite von 160m ist sie ein eher kleiner See, der jedoch einen unverf\u00e4lschten Charme verspr\u00fcht. Da das Gel\u00e4nde der \u00d6ffentlichkeit nicht zug\u00e4nglich ist und \u00fcber keine Wanderwege oder dergleichen verf\u00fcgt, l\u00e4sst sich das Angeln hier noch ganz ohne Druck wie in der guten alten Zeit genie\u00dfen. Die Keckforst l\u00e4dt aber nicht nur zum Angeln ein. Hier wird ebenfalls unser allj\u00e4hrliches Sommerfest veranstaltet. Eine Nutzung durch Boote ist auf der Keckforst ist nicht gestattet. Informationen zum Beitritt im ASV-Keckforst findest du hier. Bei Interesse an einer Mitgliedschaft schreib uns gerne eine Nachricht. Die Gew\u00e4sserordnung der Keckforst findest du hier: Gew\u00e4sserordnung Keckforst<\/p>\n","protected":false},"author":1,"featured_media":0,"parent":0,"menu_order":0,"comment_status":"closed","ping_status":"closed","template":"","meta":{"ngg_post_thumbnail":0,"footnotes":""},"class_list":["post-43","page","type-page","status-publish","hentry"],"acf":[],"_links":{"self":[{"href":"https:\/\/asv-keckforst.de\/index.php?rest_route=\/wp\/v2\/pages\/43","targetHints":{"allow":["GET"]}}],"collection":[{"href":"https:\/\/asv-keckforst.de\/index.php?rest_route=\/wp\/v2\/pages"}],"about":[{"href":"https:\/\/asv-keckforst.de\/index.php?rest_route=\/wp\/v2\/types\/page"}],"author":[{"embeddable":true,"href":"https:\/\/asv-keckforst.de\/index.php?rest_route=\/wp\/v2\/users\/1"}],"replies":[{"embeddable":true,"href":"https:\/\/asv-keckforst.de\/index.php?rest_route=%2Fwp%2Fv2%2Fcomments&post=43"}],"version-history":[{"count":20,"href":"https:\/\/asv-keckforst.de\/index.php?rest_route=\/wp\/v2\/pages\/43\/revisions"}],"predecessor-version":[{"id":449,"href":"https:\/\/asv-keckforst.de\/index.php?rest_route=\/wp\/v2\/pages\/43\/revisions\/449"}],"wp:attachment":[{"href":"https:\/\/asv-keckforst.de\/index.php?rest_route=%2Fwp%2Fv2%2Fmedia&parent=43"}],"curies":[{"name":"wp","href":"https:\/\/api.w.org\/{rel}","templated":true}]}}