{"id":388,"date":"2025-07-15T14:03:51","date_gmt":"2025-07-15T12:03:51","guid":{"rendered":"https:\/\/asv-keckforst.de\/?page_id=388"},"modified":"2025-08-16T17:38:18","modified_gmt":"2025-08-16T15:38:18","slug":"bootskarten","status":"publish","type":"page","link":"https:\/\/asv-keckforst.de\/?page_id=388","title":{"rendered":"Bootskarten"},"content":{"rendered":"\n<p>Das Befahren des Sees bleibt Mitgliedern der pachtenden Angelvereine &#8222;ASV-Keckforst&#8220; sowie des &#8222;ASV-Humbert&#8220; vorbehalten und ist ausschlie\u00dflich nach vorheriger Beantragung und offizieller Genehmigung gestattet.<\/p>\n\n\n\n<p>Des Weiteren muss jedes Boot aus sicherheitstechnischen Gr\u00fcnden vorab durch die P\u00e4chter gesichtet und gepr\u00fcft werden. Die Pr\u00fcfung und Registrierung kann bei folgenden Personen beantragt werden:<\/p>\n\n\n\n<p><strong>ASV-Keckforst:<\/strong> 1. Vorsitzender: Andr\u00e9 Werner<br><strong>ASV- Humbert:<\/strong> 1. Vorsitzender: Ludger Spronk<\/p>\n\n\n\n<p>Nach erfolgreicher Pr\u00fcfung werden f\u00fcr das Boot eine Bootsnummer sowie eine Bootskarte ausgeh\u00e4ndigt. Diese gelten ausschlie\u00dflich f\u00fcr das gepr\u00fcfte Boot und sind nicht auf andere Boote \u00fcbertragbar. Die Bootsnummer muss bei Nutzung des Bootes gut sichtbar sowohl an der rechten als auch an der linken Bootsseite angebracht werden. Die Bootskarte ist beim Befahren der Gew\u00e4sser immer mitzuf\u00fchren.<\/p>\n\n\n\n<p>Die Schutzgeb\u00fchr f\u00fcr eine Bootskarte betr\u00e4gt einmalig 10\u20ac und muss bei Bootspr\u00fcfung \/Registrierung in bar bezahlt werden.<\/p>\n\n\n\n<p>Eine Nutzung durch private Boote, Ruderboote, Stand-up Kajaks oder sonstigen Wasserfahrzeugen ist nicht gestattet. Ebenso d\u00fcrfen auf dem Gew\u00e4sser Keckforst keine Boote genutzt werden. <\/p>\n\n\n\n<p><\/p>\n","protected":false},"excerpt":{"rendered":"<p>Das Befahren des Sees bleibt Mitgliedern der pachtenden Angelvereine &#8222;ASV-Keckforst&#8220; sowie des &#8222;ASV-Humbert&#8220; vorbehalten und ist ausschlie\u00dflich nach vorheriger Beantragung und offizieller Genehmigung gestattet. Des Weiteren muss jedes Boot aus sicherheitstechnischen Gr\u00fcnden vorab durch die P\u00e4chter gesichtet und gepr\u00fcft werden. Die Pr\u00fcfung und Registrierung kann bei folgenden Personen beantragt werden: ASV-Keckforst: 1. Vorsitzender: Andr\u00e9 WernerASV- Humbert: 1. Vorsitzender: Ludger Spronk Nach erfolgreicher Pr\u00fcfung werden f\u00fcr das Boot eine Bootsnummer sowie eine Bootskarte ausgeh\u00e4ndigt. Diese gelten ausschlie\u00dflich f\u00fcr das gepr\u00fcfte Boot und sind nicht auf andere Boote \u00fcbertragbar. Die Bootsnummer muss bei Nutzung des Bootes gut sichtbar sowohl an der rechten als auch an der linken Bootsseite angebracht werden. Die Bootskarte ist beim Befahren der Gew\u00e4sser immer mitzuf\u00fchren. Die Schutzgeb\u00fchr f\u00fcr eine Bootskarte betr\u00e4gt einmalig 10\u20ac und muss bei Bootspr\u00fcfung \/Registrierung in bar bezahlt werden. Eine Nutzung durch private Boote, Ruderboote, Stand-up Kajaks oder sonstigen Wasserfahrzeugen ist nicht gestattet. Ebenso d\u00fcrfen auf dem Gew\u00e4sser Keckforst keine Boote genutzt werden.<\/p>\n","protected":false},"author":1,"featured_media":0,"parent":0,"menu_order":0,"comment_status":"closed","ping_status":"closed","template":"","meta":{"ngg_post_thumbnail":0,"footnotes":""},"class_list":["post-388","page","type-page","status-publish","hentry"],"acf":[],"_links":{"self":[{"href":"https:\/\/asv-keckforst.de\/index.php?rest_route=\/wp\/v2\/pages\/388","targetHints":{"allow":["GET"]}}],"collection":[{"href":"https:\/\/asv-keckforst.de\/index.php?rest_route=\/wp\/v2\/pages"}],"about":[{"href":"https:\/\/asv-keckforst.de\/index.php?rest_route=\/wp\/v2\/types\/page"}],"author":[{"embeddable":true,"href":"https:\/\/asv-keckforst.de\/index.php?rest_route=\/wp\/v2\/users\/1"}],"replies":[{"embeddable":true,"href":"https:\/\/asv-keckforst.de\/index.php?rest_route=%2Fwp%2Fv2%2Fcomments&post=388"}],"version-history":[{"count":12,"href":"https:\/\/asv-keckforst.de\/index.php?rest_route=\/wp\/v2\/pages\/388\/revisions"}],"predecessor-version":[{"id":455,"href":"https:\/\/asv-keckforst.de\/index.php?rest_route=\/wp\/v2\/pages\/388\/revisions\/455"}],"wp:attachment":[{"href":"https:\/\/asv-keckforst.de\/index.php?rest_route=%2Fwp%2Fv2%2Fmedia&parent=388"}],"curies":[{"name":"wp","href":"https:\/\/api.w.org\/{rel}","templated":true}]}}