{"id":33,"date":"2025-05-06T13:32:29","date_gmt":"2025-05-06T11:32:29","guid":{"rendered":"https:\/\/asv-keckforst.de\/?page_id=33"},"modified":"2025-07-15T14:53:20","modified_gmt":"2025-07-15T12:53:20","slug":"mitgliedschaft","status":"publish","type":"page","link":"https:\/\/asv-keckforst.de\/?page_id=33","title":{"rendered":"Mitgliedschaft"},"content":{"rendered":"\n<p>Der Verein der Angelfreunde an der Keckfortst e.V. hat zurzeit ca. 70 aktive Mitglieder aus allen Altersschichten. Wenn auch du Interesse daran hast, in unserem Verein Mitglied zu werden, nimm bitte per E-Mail <a href=\"https:\/\/asv-keckforst.de\/?page_id=22\" data-type=\"link\" data-id=\"https:\/\/asv-keckforst.de\/?page_id=58\">Kontakt<\/a> zu uns auf. Hinterlasse bei der Anfrage deinen Vor- und Nachnamen, dein Alter, deine vollst\u00e4ndige Adresse sowie deine Telefonnummer. Wir melden uns dann schnellstm\u00f6glich bei dir zur\u00fcck.<\/p>\n\n\n\n<p><strong>INFO:<\/strong><br>Voraussetzung f\u00fcr eine Mitgliedschaft ist eine erfolgreich abgeschlossene Fischerpr\u00fcfung sowie ein g\u00fcltiger Jahresfischereischein. Der Aufnahmeantrag sowie die Datenschutzerkl\u00e4rung als PDF-Datei findest du unten auf dieser Seite. Diese m\u00fcssen vollst\u00e4ndig ausgef\u00fcllt und unterschrieben mit g\u00fcltigem Passfoto eingereicht werden.<\/p>\n\n\n\n<p><a href=\"https:\/\/asv-keckforst.de\/wp-content\/uploads\/2025\/06\/Aufnahmeantrag_ASV-Keckforst.pdf\" data-type=\"link\" data-id=\"https:\/\/asv-keckforst.de\/wp-content\/uploads\/2025\/06\/Aufnahmeantrag_ASV-Keckforst.pdf\">Aufnahmeantrag<\/a><\/p>\n\n\n\n<p><a href=\"https:\/\/asv-keckforst.de\/wp-content\/uploads\/2025\/06\/Datenschutzerklaerung_ASV-Keckforst.pdf\" data-type=\"link\" data-id=\"https:\/\/asv-keckforst.de\/wp-content\/uploads\/2025\/06\/Datenschutzerklaerung_ASV-Keckforst.pdf\">Datenschutzerkl\u00e4rung<\/a><\/p>\n\n\n\n<p><\/p>\n","protected":false},"excerpt":{"rendered":"<p>Der Verein der Angelfreunde an der Keckfortst e.V. hat zurzeit ca. 70 aktive Mitglieder aus allen Altersschichten. Wenn auch du Interesse daran hast, in unserem Verein Mitglied zu werden, nimm bitte per E-Mail Kontakt zu uns auf. Hinterlasse bei der Anfrage deinen Vor- und Nachnamen, dein Alter, deine vollst\u00e4ndige Adresse sowie deine Telefonnummer. Wir melden uns dann schnellstm\u00f6glich bei dir zur\u00fcck. INFO:Voraussetzung f\u00fcr eine Mitgliedschaft ist eine erfolgreich abgeschlossene Fischerpr\u00fcfung sowie ein g\u00fcltiger Jahresfischereischein. Der Aufnahmeantrag sowie die Datenschutzerkl\u00e4rung als PDF-Datei findest du unten auf dieser Seite. Diese m\u00fcssen vollst\u00e4ndig ausgef\u00fcllt und unterschrieben mit g\u00fcltigem Passfoto eingereicht werden. Aufnahmeantrag Datenschutzerkl\u00e4rung<\/p>\n","protected":false},"author":1,"featured_media":0,"parent":0,"menu_order":0,"comment_status":"closed","ping_status":"closed","template":"","meta":{"ngg_post_thumbnail":0,"footnotes":""},"class_list":["post-33","page","type-page","status-publish","hentry"],"acf":[],"_links":{"self":[{"href":"https:\/\/asv-keckforst.de\/index.php?rest_route=\/wp\/v2\/pages\/33","targetHints":{"allow":["GET"]}}],"collection":[{"href":"https:\/\/asv-keckforst.de\/index.php?rest_route=\/wp\/v2\/pages"}],"about":[{"href":"https:\/\/asv-keckforst.de\/index.php?rest_route=\/wp\/v2\/types\/page"}],"author":[{"embeddable":true,"href":"https:\/\/asv-keckforst.de\/index.php?rest_route=\/wp\/v2\/users\/1"}],"replies":[{"embeddable":true,"href":"https:\/\/asv-keckforst.de\/index.php?rest_route=%2Fwp%2Fv2%2Fcomments&post=33"}],"version-history":[{"count":14,"href":"https:\/\/asv-keckforst.de\/index.php?rest_route=\/wp\/v2\/pages\/33\/revisions"}],"predecessor-version":[{"id":420,"href":"https:\/\/asv-keckforst.de\/index.php?rest_route=\/wp\/v2\/pages\/33\/revisions\/420"}],"wp:attachment":[{"href":"https:\/\/asv-keckforst.de\/index.php?rest_route=%2Fwp%2Fv2%2Fmedia&parent=33"}],"curies":[{"name":"wp","href":"https:\/\/api.w.org\/{rel}","templated":true}]}}