{"id":315,"date":"2025-06-21T18:31:12","date_gmt":"2025-06-21T16:31:12","guid":{"rendered":"https:\/\/asv-keckforst.de\/?page_id=315"},"modified":"2025-08-16T17:21:55","modified_gmt":"2025-08-16T15:21:55","slug":"gewaesserordnung-graefenthal","status":"publish","type":"page","link":"https:\/\/asv-keckforst.de\/?page_id=315","title":{"rendered":"Gew\u00e4sserordnung Graefenthal\/Kelling"},"content":{"rendered":"\n<p><strong>Gew\u00e4sserordnung<\/strong><\/p>\n\n\n\n<p><strong>ASV Humbert Hommersum \/ Angelfreunde an de Keckforst Gew\u00e4sser Kessel <\/strong><strong>&#8211; Gr\u00e4fentahl &amp; Niersbruch<\/strong><\/p>\n\n\n\n<ol class=\"wp-block-list\">\n<li>Das Landesfischereigesetz findet in allen Punkten Anwendung und ist zwingend einzuhalten.<\/li>\n\n\n\n<li>Es ist nur erlaubt die auf der R\u00fcckseite gekennzeichneten Bereiche zu beangeln.<\/li>\n\n\n\n<li>Das Anf\u00fcttern vor dem Angeltag ist verboten, anf\u00fcttern am Angeltag ist mit max. 500 gr. Futter gestattet. Das Anf\u00fcttern mit Boilies ist verboten.<\/li>\n\n\n\n<li>Tagesscheine k\u00f6nnen nur von Mitgliedern der Angelgemeinschaft erworben werden, beim Angeln ist das Mitglied zugegen zu sein. 1 &#8211; Tagesscheine k\u00f6nnen f\u00fcr 8\u20ac<\/li>\n<\/ol>\n\n\n\n<p>3 \u2013 Tagesscheine k\u00f6nnen f\u00fcr 18\u20ac<\/p>\n\n\n\n<p>ausgegeben werden.<\/p>\n\n\n\n<ol start=\"5\" class=\"wp-block-list\">\n<li>Das benutzen von Booten ist unter Auflagen erlaubt. Futterboote hingegen verboten.\n<ol class=\"wp-block-list\">\n<li>Das Tragen einer Rettungsweste ist f\u00fcr alle Insassen Verpflichtend.<\/li>\n\n\n\n<li>Der Antrieb mit Verbrennungsmotoren ist verboten.<\/li>\n\n\n\n<li>Das Befahren der Gew\u00e4sser ist nur mit einer Bootskarte erlaubt.<\/li>\n<\/ol>\n<\/li>\n<\/ol>\n\n\n\n<p>Weitere Infos siehe R\u00fcckseite!<\/p>\n\n\n\n<ol start=\"6\" class=\"wp-block-list\">\n<li>Es darf mit max. drei Angelruten gefischt werden, die stets zu beaufsichtigen sind.<\/li>\n\n\n\n<li>Feuer, Grillen, Zelten, Campen und Baden ist strengstens verboten. Das Aufstellen von Angelschirmen \/ Zelten ist zum Zweck des Angelns erlaubt.<\/li>\n\n\n\n<li>Alle ben\u00f6tigten Nachweise zur Aus\u00fcbung der Fischerei sind mit sich zu f\u00fchren, alle Mitglieder beider Vereine d\u00fcrfen die Papiere kontrollieren .<\/li>\n\n\n\n<li>Das eigenm\u00e4chtige anlegen von Angelstellen ist strikt verboten .<\/li>\n\n\n\n<li>Das Befahren von Wegen zum Gew\u00e4sser ist mit Kraftfahrzeugen untersagt.<\/li>\n\n\n\n<li>Angeln ohne Erlaubnis und Fischfrevel wird zur Anzeige gebracht .<\/li>\n\n\n\n<li>Jeder Angler ist dazu angehalten M\u00fcll und Unrat, auch von fremden Personen, fachgerecht zu entsorgen .<\/li>\n<\/ol>\n\n\n\n<p>Es gelten die gesetzlichen Mindestma\u00dfe. Dar\u00fcber hinaus setzen wir folgende Schonma\u00dfe fest:<\/p>\n\n\n\n<p>Hecht 60 cm<\/p>\n\n\n\n<p>Zander 50 cm<\/p>\n\n\n\n<p>Schleie 35 cm<\/p>\n\n\n\n<p>Aal 50 cm<\/p>\n\n\n\n<p>Vom 15. Februar bis 31. Mai ist das Angeln auf Hecht und Zander Verboten. Der Einsatz von K\u00f6derfischen sowie k\u00fcnstlichen K\u00f6dern ist dann untersagt.<\/p>\n\n\n\n<p><strong>Dieses Schreiben ist beim Angeln an oben genannten Gew\u00e4ssern immer mit zu f\u00fchren!<\/strong><\/p>\n\n\n\n<p>Es werden Kontrollen zur Einhaltung der Gew\u00e4sserordnung von amtlich bestellten Fischereiaufsehern durchgef\u00fchrt!<\/p>\n\n\n\n<p>Bei Zuwiderhandlung dieser Gew\u00e4sserordnung halten wir uns ein Vereinsausschluss vor.<\/p>\n\n\n\n<p><\/p>\n\n\n\n<p>Informationen zur Bootskarte<\/p>\n\n\n\n<p>Aus sicherheitstechnischen Gr\u00fcnden m\u00fcssen Boote einmalig durch den Verein gepr\u00fcft werden.<\/p>\n\n\n\n<p>Die Pr\u00fcfung und Registrierung kann bei folgenden Personen durchgef\u00fchrt werden:<\/p>\n\n\n\n<p>Andre Werner 0162\/6651141 Goch<\/p>\n\n\n\n<p>Ludger Spronk 0151\/59128725 Hassum<\/p>\n\n\n\n<p>Nach der Pr\u00fcfung wird f\u00fcr das jeweilige Boot eine Bootskarte Ausgeh\u00e4ndigt.<\/p>\n\n\n\n<p>Diese ist beim Befahren der Gew\u00e4sser immer mit zu f\u00fchren.<\/p>\n\n\n\n<p>Die Bootsnummer muss gut sichtbar an der Rechten und Linken Bootsseite angebracht werden.<\/p>\n\n\n\n<p>Die Schutzgeb\u00fchr f\u00fcr eine Bootskarte betr\u00e4gt einmalig 10\u20ac und muss bei Bootspr\u00fcfung \/Registrierung in bar bezahlt werden.<\/p>\n\n\n\n<p>Diese Gew\u00e4sserordnung ersetzt die Vorherige ab sofort 02.2023<\/p>\n","protected":false},"excerpt":{"rendered":"<p>Gew\u00e4sserordnung ASV Humbert Hommersum \/ Angelfreunde an de Keckforst Gew\u00e4sser Kessel &#8211; Gr\u00e4fentahl &amp; Niersbruch 3 \u2013 Tagesscheine k\u00f6nnen f\u00fcr 18\u20ac ausgegeben werden. Weitere Infos siehe R\u00fcckseite! Es gelten die gesetzlichen Mindestma\u00dfe. Dar\u00fcber hinaus setzen wir folgende Schonma\u00dfe fest: Hecht 60 cm Zander 50 cm Schleie 35 cm Aal 50 cm Vom 15. Februar bis 31. Mai ist das Angeln auf Hecht und Zander Verboten. Der Einsatz von K\u00f6derfischen sowie k\u00fcnstlichen K\u00f6dern ist dann untersagt. Dieses Schreiben ist beim Angeln an oben genannten Gew\u00e4ssern immer mit zu f\u00fchren! Es werden Kontrollen zur Einhaltung der Gew\u00e4sserordnung von amtlich bestellten Fischereiaufsehern durchgef\u00fchrt! Bei Zuwiderhandlung dieser Gew\u00e4sserordnung halten wir uns ein Vereinsausschluss vor. Informationen zur Bootskarte Aus sicherheitstechnischen Gr\u00fcnden m\u00fcssen Boote einmalig durch den Verein gepr\u00fcft werden. Die Pr\u00fcfung und Registrierung kann bei folgenden Personen durchgef\u00fchrt werden: Andre Werner 0162\/6651141 Goch Ludger Spronk 0151\/59128725 Hassum Nach der Pr\u00fcfung wird f\u00fcr das jeweilige Boot eine Bootskarte Ausgeh\u00e4ndigt. Diese ist beim Befahren der Gew\u00e4sser immer mit zu f\u00fchren. Die Bootsnummer muss gut sichtbar an der Rechten und Linken Bootsseite angebracht werden. Die Schutzgeb\u00fchr f\u00fcr eine Bootskarte betr\u00e4gt einmalig 10\u20ac und muss bei Bootspr\u00fcfung \/Registrierung in bar bezahlt werden. Diese Gew\u00e4sserordnung ersetzt die Vorherige ab sofort 02.2023<\/p>\n","protected":false},"author":1,"featured_media":0,"parent":0,"menu_order":0,"comment_status":"closed","ping_status":"closed","template":"","meta":{"ngg_post_thumbnail":0,"footnotes":""},"class_list":["post-315","page","type-page","status-publish","hentry"],"acf":[],"_links":{"self":[{"href":"https:\/\/asv-keckforst.de\/index.php?rest_route=\/wp\/v2\/pages\/315","targetHints":{"allow":["GET"]}}],"collection":[{"href":"https:\/\/asv-keckforst.de\/index.php?rest_route=\/wp\/v2\/pages"}],"about":[{"href":"https:\/\/asv-keckforst.de\/index.php?rest_route=\/wp\/v2\/types\/page"}],"author":[{"embeddable":true,"href":"https:\/\/asv-keckforst.de\/index.php?rest_route=\/wp\/v2\/users\/1"}],"replies":[{"embeddable":true,"href":"https:\/\/asv-keckforst.de\/index.php?rest_route=%2Fwp%2Fv2%2Fcomments&post=315"}],"version-history":[{"count":2,"href":"https:\/\/asv-keckforst.de\/index.php?rest_route=\/wp\/v2\/pages\/315\/revisions"}],"predecessor-version":[{"id":444,"href":"https:\/\/asv-keckforst.de\/index.php?rest_route=\/wp\/v2\/pages\/315\/revisions\/444"}],"wp:attachment":[{"href":"https:\/\/asv-keckforst.de\/index.php?rest_route=%2Fwp%2Fv2%2Fmedia&parent=315"}],"curies":[{"name":"wp","href":"https:\/\/api.w.org\/{rel}","templated":true}]}}