{"id":31,"date":"2025-05-06T13:31:23","date_gmt":"2025-05-06T11:31:23","guid":{"rendered":"https:\/\/asv-keckforst.de\/?page_id=31"},"modified":"2025-08-16T17:30:30","modified_gmt":"2025-08-16T15:30:30","slug":"news","status":"publish","type":"page","link":"https:\/\/asv-keckforst.de\/?page_id=31","title":{"rendered":"Info"},"content":{"rendered":"\n<p>Auf den Infoseiten findest du unsere Gew\u00e4sserordnungen, die Mindestma\u00dfe und vereinsinternen Schonzeiten, sowie Informationen zu den Bootskarten. Klicke dazu einfach im Men\u00fc auf den entsprechenden Reiter.<\/p>\n\n\n\n<p>Den vom Verein festgelegten Gew\u00e4sserordnungen sowie den Regelungen zur Bootsnutzung, den Schonzeiten und Mindestma\u00dfen ist unbedingt Folge zu leisten. Verst\u00f6\u00dfe werden zur Anzeige gebracht und mit einem Ausschlu\u00df aus dem Verein geahndet.<\/p>\n\n\n\n<p><\/p>\n","protected":false},"excerpt":{"rendered":"<p>Auf den Infoseiten findest du unsere Gew\u00e4sserordnungen, die Mindestma\u00dfe und vereinsinternen Schonzeiten, sowie Informationen zu den Bootskarten. Klicke dazu einfach im Men\u00fc auf den entsprechenden Reiter. Den vom Verein festgelegten Gew\u00e4sserordnungen sowie den Regelungen zur Bootsnutzung, den Schonzeiten und Mindestma\u00dfen ist unbedingt Folge zu leisten. Verst\u00f6\u00dfe werden zur Anzeige gebracht und mit einem Ausschlu\u00df aus dem Verein geahndet.<\/p>\n","protected":false},"author":1,"featured_media":0,"parent":0,"menu_order":0,"comment_status":"closed","ping_status":"closed","template":"","meta":{"ngg_post_thumbnail":0,"footnotes":""},"class_list":["post-31","page","type-page","status-publish","hentry"],"acf":[],"_links":{"self":[{"href":"https:\/\/asv-keckforst.de\/index.php?rest_route=\/wp\/v2\/pages\/31","targetHints":{"allow":["GET"]}}],"collection":[{"href":"https:\/\/asv-keckforst.de\/index.php?rest_route=\/wp\/v2\/pages"}],"about":[{"href":"https:\/\/asv-keckforst.de\/index.php?rest_route=\/wp\/v2\/types\/page"}],"author":[{"embeddable":true,"href":"https:\/\/asv-keckforst.de\/index.php?rest_route=\/wp\/v2\/users\/1"}],"replies":[{"embeddable":true,"href":"https:\/\/asv-keckforst.de\/index.php?rest_route=%2Fwp%2Fv2%2Fcomments&post=31"}],"version-history":[{"count":3,"href":"https:\/\/asv-keckforst.de\/index.php?rest_route=\/wp\/v2\/pages\/31\/revisions"}],"predecessor-version":[{"id":446,"href":"https:\/\/asv-keckforst.de\/index.php?rest_route=\/wp\/v2\/pages\/31\/revisions\/446"}],"wp:attachment":[{"href":"https:\/\/asv-keckforst.de\/index.php?rest_route=%2Fwp%2Fv2%2Fmedia&parent=31"}],"curies":[{"name":"wp","href":"https:\/\/api.w.org\/{rel}","templated":true}]}}