{"id":234,"date":"2025-05-08T11:35:47","date_gmt":"2025-05-08T09:35:47","guid":{"rendered":"https:\/\/asv-keckforst.de\/?page_id=234"},"modified":"2025-07-15T14:42:23","modified_gmt":"2025-07-15T12:42:23","slug":"mindestmasse-%c2%a7-3-lfischvo","status":"publish","type":"page","link":"https:\/\/asv-keckforst.de\/?page_id=234","title":{"rendered":"Mindestma\u00dfe"},"content":{"rendered":"\n<p>Die folgenden Fischarten d\u00fcrfen erst ab den genannten Mindestma\u00dfen entnommen werden.<br>(max. Distanz ab Kopfspitze bis Ende Schwanzflosse)<\/p>\n\n\n\n<figure class=\"wp-block-table\"><table class=\"has-fixed-layout\"><tbody><tr><td><strong>Fischart<\/strong><\/td><td><strong>Mindestma\u00df<\/strong><\/td><td><strong>Schonzeiten<\/strong><\/td><\/tr><tr><td>Aal (Anguilla anguilla L.)<\/td><td>60cm<\/td><td>01.10. \u2013 31.03.<\/td><\/tr><tr><td>Barsch (Perca fluviatilis)<\/td><td>25cm<\/td><td>01.04. \u2013 31.05<\/td><\/tr><tr><td>Hecht (Esox lucius L.)<\/td><td>60cm<\/td><td>15.02. \u2013 30.04.<\/td><\/tr><tr><td>Karpfen (Cyprinus carpio L.)<\/td><td>35cm<\/td><td>keine<\/td><\/tr><tr><td>Schleie (Tinca tinca L.)<\/td><td>30cm<\/td><td>keine<\/td><\/tr><tr><td>Zander (Sander lucioperca L.)<\/td><td>50cm<\/td><td>01.04. \u2013 31-05<\/td><\/tr><\/tbody><\/table><\/figure>\n\n\n\n<p>W\u00e4hrend der Schonzeit f\u00fcr die Raubfischarten (Hecht\/Barsch\/Zander) ist es verboten Kunstk\u00f6der aller Art oder K\u00f6derfische zu verwenden. Die Benutzung lebender K\u00f6derfische ist grunds\u00e4tzlich verboten.<\/p>\n\n\n\n<p>Von den genannten Fischarten darf abgesehen vom Barsch pro Tag und Angler nur 1 Fisch entnommen werden. Bei Barschen liegt die Fangbegrenzung bei 3 Fischen pro Tag und Angler.<\/p>\n\n\n\n<p>Krebse und Muscheln unterliegen ganzj\u00e4hrigen Schonzeiten und d\u00fcrfen dem Gew\u00e4sser nicht entnommen werden.<\/p>\n\n\n\n<p><\/p>\n","protected":false},"excerpt":{"rendered":"<p>Die folgenden Fischarten d\u00fcrfen erst ab den genannten Mindestma\u00dfen entnommen werden.(max. Distanz ab Kopfspitze bis Ende Schwanzflosse) Fischart Mindestma\u00df Schonzeiten Aal (Anguilla anguilla L.) 60cm 01.10. \u2013 31.03. Barsch (Perca fluviatilis) 25cm 01.04. \u2013 31.05 Hecht (Esox lucius L.) 60cm 15.02. \u2013 30.04. Karpfen (Cyprinus carpio L.) 35cm keine Schleie (Tinca tinca L.) 30cm keine Zander (Sander lucioperca L.) 50cm 01.04. \u2013 31-05 W\u00e4hrend der Schonzeit f\u00fcr die Raubfischarten (Hecht\/Barsch\/Zander) ist es verboten Kunstk\u00f6der aller Art oder K\u00f6derfische zu verwenden. Die Benutzung lebender K\u00f6derfische ist grunds\u00e4tzlich verboten. Von den genannten Fischarten darf abgesehen vom Barsch pro Tag und Angler nur 1 Fisch entnommen werden. Bei Barschen liegt die Fangbegrenzung bei 3 Fischen pro Tag und Angler. Krebse und Muscheln unterliegen ganzj\u00e4hrigen Schonzeiten und d\u00fcrfen dem Gew\u00e4sser nicht entnommen werden.<\/p>\n","protected":false},"author":1,"featured_media":0,"parent":0,"menu_order":0,"comment_status":"closed","ping_status":"closed","template":"","meta":{"ngg_post_thumbnail":0,"footnotes":""},"class_list":["post-234","page","type-page","status-publish","hentry"],"acf":[],"_links":{"self":[{"href":"https:\/\/asv-keckforst.de\/index.php?rest_route=\/wp\/v2\/pages\/234","targetHints":{"allow":["GET"]}}],"collection":[{"href":"https:\/\/asv-keckforst.de\/index.php?rest_route=\/wp\/v2\/pages"}],"about":[{"href":"https:\/\/asv-keckforst.de\/index.php?rest_route=\/wp\/v2\/types\/page"}],"author":[{"embeddable":true,"href":"https:\/\/asv-keckforst.de\/index.php?rest_route=\/wp\/v2\/users\/1"}],"replies":[{"embeddable":true,"href":"https:\/\/asv-keckforst.de\/index.php?rest_route=%2Fwp%2Fv2%2Fcomments&post=234"}],"version-history":[{"count":10,"href":"https:\/\/asv-keckforst.de\/index.php?rest_route=\/wp\/v2\/pages\/234\/revisions"}],"predecessor-version":[{"id":411,"href":"https:\/\/asv-keckforst.de\/index.php?rest_route=\/wp\/v2\/pages\/234\/revisions\/411"}],"wp:attachment":[{"href":"https:\/\/asv-keckforst.de\/index.php?rest_route=%2Fwp%2Fv2%2Fmedia&parent=234"}],"curies":[{"name":"wp","href":"https:\/\/api.w.org\/{rel}","templated":true}]}}