{"id":22,"date":"2025-05-06T13:28:44","date_gmt":"2025-05-06T11:28:44","guid":{"rendered":"https:\/\/asv-keckforst.de\/?page_id=22"},"modified":"2025-08-16T17:33:39","modified_gmt":"2025-08-16T15:33:39","slug":"der-verein","status":"publish","type":"page","link":"https:\/\/asv-keckforst.de\/?page_id=22","title":{"rendered":"Der Verein"},"content":{"rendered":"\n<p>Der Verein der Angelfreunde an der Keckforst e.V. (ASV-Keckforst) besteht seit mehr als 40 Jahren.<br>Angefangen mit einer handvoll Mitgliedern und einem kleinen See am Rande von Uedem ist er inzwischen auf ca. 70 Mitglieder angewachsen und stolzer P\u00e4chter zweier zus\u00e4tzlicher Seen.<\/p>\n\n\n\n<p>Die <a href=\"https:\/\/asv-keckforst.de\/?page_id=43\">Keckforst<\/a> ist ausschlie\u00dflich f\u00fcr Vereinsmitglieder des ASV-Keckforst zu nutzen. Hier wird zudem allj\u00e4hrlich unser vereinsinternes Sommerfest veranstaltet.<\/p>\n\n\n\n<p>Der See am Kloster <a href=\"https:\/\/asv-keckforst.de\/?page_id=45\">Graefenthal<\/a> sowie der Niersbruch <a href=\"https:\/\/asv-keckforst.de\/?page_id=47\">Kelling<\/a> laufen unter gemeinschaftlicher Pacht mit dem ASV Humbert Hommersum. Auf diesen Seen ist nach vorheriger Pr\u00fcfung durch den Vorstand und anschlie\u00dfender Registrierung die Nutzung eines Angelbootes erlaubt.<\/p>\n\n\n\n<p><strong>Der Vorstand<\/strong>:<br>Gesch\u00e4ftsf\u00fcher: Sebastian Braam<br>1. Vorsitzender: Andr\u00e9 Werner<br>Kassenwart: Andr\u00e9 Jan\u00dfen<\/p>\n\n\n\n<p><strong>Kontakt E-Mail:<\/strong> info (at) asv-keckforst.de<\/p>\n\n\n\n<p><\/p>\n","protected":false},"excerpt":{"rendered":"<p>Der Verein der Angelfreunde an der Keckforst e.V. (ASV-Keckforst) besteht seit mehr als 40 Jahren.Angefangen mit einer handvoll Mitgliedern und einem kleinen See am Rande von Uedem ist er inzwischen auf ca. 70 Mitglieder angewachsen und stolzer P\u00e4chter zweier zus\u00e4tzlicher Seen. Die Keckforst ist ausschlie\u00dflich f\u00fcr Vereinsmitglieder des ASV-Keckforst zu nutzen. Hier wird zudem allj\u00e4hrlich unser vereinsinternes Sommerfest veranstaltet. Der See am Kloster Graefenthal sowie der Niersbruch Kelling laufen unter gemeinschaftlicher Pacht mit dem ASV Humbert Hommersum. Auf diesen Seen ist nach vorheriger Pr\u00fcfung durch den Vorstand und anschlie\u00dfender Registrierung die Nutzung eines Angelbootes erlaubt. Der Vorstand:Gesch\u00e4ftsf\u00fcher: Sebastian Braam1. Vorsitzender: Andr\u00e9 WernerKassenwart: Andr\u00e9 Jan\u00dfen Kontakt E-Mail: info (at) asv-keckforst.de<\/p>\n","protected":false},"author":1,"featured_media":0,"parent":0,"menu_order":0,"comment_status":"closed","ping_status":"closed","template":"","meta":{"ngg_post_thumbnail":0,"footnotes":""},"class_list":["post-22","page","type-page","status-publish","hentry"],"acf":[],"_links":{"self":[{"href":"https:\/\/asv-keckforst.de\/index.php?rest_route=\/wp\/v2\/pages\/22","targetHints":{"allow":["GET"]}}],"collection":[{"href":"https:\/\/asv-keckforst.de\/index.php?rest_route=\/wp\/v2\/pages"}],"about":[{"href":"https:\/\/asv-keckforst.de\/index.php?rest_route=\/wp\/v2\/types\/page"}],"author":[{"embeddable":true,"href":"https:\/\/asv-keckforst.de\/index.php?rest_route=\/wp\/v2\/users\/1"}],"replies":[{"embeddable":true,"href":"https:\/\/asv-keckforst.de\/index.php?rest_route=%2Fwp%2Fv2%2Fcomments&post=22"}],"version-history":[{"count":10,"href":"https:\/\/asv-keckforst.de\/index.php?rest_route=\/wp\/v2\/pages\/22\/revisions"}],"predecessor-version":[{"id":448,"href":"https:\/\/asv-keckforst.de\/index.php?rest_route=\/wp\/v2\/pages\/22\/revisions\/448"}],"wp:attachment":[{"href":"https:\/\/asv-keckforst.de\/index.php?rest_route=%2Fwp%2Fv2%2Fmedia&parent=22"}],"curies":[{"name":"wp","href":"https:\/\/api.w.org\/{rel}","templated":true}]}}